{"id":972,"date":"2025-04-30T11:36:02","date_gmt":"2025-04-30T09:36:02","guid":{"rendered":"https:\/\/andywhou.fr\/?post_type=product&#038;p=972"},"modified":"2025-09-05T22:27:26","modified_gmt":"2025-09-05T20:27:26","slug":"dor-et-de-jais-carte-illustree","status":"publish","type":"product","link":"https:\/\/andywhou.fr\/index.php\/produit\/dor-et-de-jais-carte-illustree\/","title":{"rendered":"D&rsquo;or et de Jais &#8211; Carte illustr\u00e9e"},"content":{"rendered":"<p>[et_pb_section fb_built=\u00a0\u00bb1&Prime; _builder_version=\u00a0\u00bb4.16&Prime; custom_padding=\u00a0\u00bb0px||||false|false\u00a0\u00bb collapsed=\u00a0\u00bboff\u00a0\u00bb global_colors_info=\u00a0\u00bb{}\u00a0\u00bb][et_pb_row _builder_version=\u00a0\u00bb4.27.3&Prime; background_size=\u00a0\u00bbinitial\u00a0\u00bb background_position=\u00a0\u00bbtop_left\u00a0\u00bb background_repeat=\u00a0\u00bbrepeat\u00a0\u00bb width=\u00a0\u00bb100%\u00a0\u00bb custom_padding=\u00a0\u00bb0px||0px||false|false\u00a0\u00bb global_colors_info=\u00a0\u00bb{}\u00a0\u00bb][et_pb_column type=\u00a0\u00bb4_4&Prime; _builder_version=\u00a0\u00bb4.27.3&Prime; custom_padding=\u00a0\u00bb|||\u00a0\u00bb border_radii=\u00a0\u00bbon|11px|11px|11px|11px\u00a0\u00bb global_colors_info=\u00a0\u00bb{}\u00a0\u00bb custom_padding__hover=\u00a0\u00bb|||\u00a0\u00bb][et_pb_wc_breadcrumb _builder_version=\u00a0\u00bb4.27.3&Prime; body_font=\u00a0\u00bbABeeZee||||||||\u00a0\u00bb body_text_color=\u00a0\u00bb#6e476a\u00a0\u00bb global_colors_info=\u00a0\u00bb{}\u00a0\u00bb][\/et_pb_wc_breadcrumb][et_pb_wc_cart_notice _builder_version=\u00a0\u00bb4.27.3&Prime; title_font=\u00a0\u00bbABeeZee||||||||\u00a0\u00bb title_text_color=\u00a0\u00bb#FFFFFF\u00a0\u00bb background_color=\u00a0\u00bb#6e476a\u00a0\u00bb custom_button=\u00a0\u00bbon\u00a0\u00bb button_text_size=\u00a0\u00bb19px\u00a0\u00bb button_text_color=\u00a0\u00bb#6e476a\u00a0\u00bb button_bg_color=\u00a0\u00bb#FFFFFF\u00a0\u00bb button_border_color=\u00a0\u00bb#6e476a\u00a0\u00bb button_border_radius=\u00a0\u00bb34px\u00a0\u00bb button_font=\u00a0\u00bbABeeZee||||||||\u00a0\u00bb button_use_icon=\u00a0\u00bboff\u00a0\u00bb border_radii=\u00a0\u00bbon|6px|6px|6px|6px\u00a0\u00bb global_colors_info=\u00a0\u00bb{}\u00a0\u00bb][\/et_pb_wc_cart_notice][\/et_pb_column][\/et_pb_row][et_pb_row column_structure=\u00a0\u00bb1_2,1_2&Prime; _builder_version=\u00a0\u00bb4.16&Prime; background_size=\u00a0\u00bbinitial\u00a0\u00bb background_position=\u00a0\u00bbtop_left\u00a0\u00bb background_repeat=\u00a0\u00bbrepeat\u00a0\u00bb width=\u00a0\u00bb100%\u00a0\u00bb custom_padding=\u00a0\u00bb0px||||false|false\u00a0\u00bb global_colors_info=\u00a0\u00bb{}\u00a0\u00bb][et_pb_column type=\u00a0\u00bb1_2&Prime; _builder_version=\u00a0\u00bb4.16&Prime; custom_padding=\u00a0\u00bb|||\u00a0\u00bb global_colors_info=\u00a0\u00bb{}\u00a0\u00bb custom_padding__hover=\u00a0\u00bb|||\u00a0\u00bb][et_pb_wc_images _builder_version=\u00a0\u00bb4.16&Prime; global_colors_info=\u00a0\u00bb{}\u00a0\u00bb][\/et_pb_wc_images][\/et_pb_column][et_pb_column type=\u00a0\u00bb1_2&Prime; _builder_version=\u00a0\u00bb4.16&Prime; custom_padding=\u00a0\u00bb|||\u00a0\u00bb global_colors_info=\u00a0\u00bb{}\u00a0\u00bb custom_padding__hover=\u00a0\u00bb|||\u00a0\u00bb][et_pb_wc_title _builder_version=\u00a0\u00bb4.27.3&Prime; header_font=\u00a0\u00bbABeeZee||||||||\u00a0\u00bb header_text_color=\u00a0\u00bb#6e476a\u00a0\u00bb header_font_size=\u00a0\u00bb32px\u00a0\u00bb global_colors_info=\u00a0\u00bb{}\u00a0\u00bb][\/et_pb_wc_title][et_pb_wc_rating _builder_version=\u00a0\u00bb4.27.3&Prime; rating_text_color=\u00a0\u00bb#6e476a\u00a0\u00bb body_font=\u00a0\u00bbABeeZee||||||||\u00a0\u00bb body_text_color=\u00a0\u00bb#c47fa4&Prime; global_colors_info=\u00a0\u00bb{}\u00a0\u00bb][\/et_pb_wc_rating][et_pb_wc_price _builder_version=\u00a0\u00bb4.27.3&Prime; body_font=\u00a0\u00bbMontserrat||||||||\u00a0\u00bb body_text_color=\u00a0\u00bb#000000&Prime; global_colors_info=\u00a0\u00bb{}\u00a0\u00bb][\/et_pb_wc_price][et_pb_wc_description _builder_version=\u00a0\u00bb4.27.3&Prime; body_font=\u00a0\u00bbMontserrat||||||||\u00a0\u00bb global_colors_info=\u00a0\u00bb{}\u00a0\u00bb][\/et_pb_wc_description][et_pb_wc_add_to_cart _builder_version=\u00a0\u00bb4.27.3&Prime; fields_text_color=\u00a0\u00bb#000000&Prime; field_label_font=\u00a0\u00bbABeeZee|700|||||||\u00a0\u00bb field_label_text_color=\u00a0\u00bb#000000&Prime; fields_font=\u00a0\u00bb||||||||\u00a0\u00bb custom_button=\u00a0\u00bbon\u00a0\u00bb button_text_color=\u00a0\u00bb#FFFFFF\u00a0\u00bb button_bg_color=\u00a0\u00bb#6e476a\u00a0\u00bb button_border_width=\u00a0\u00bb2px\u00a0\u00bb button_border_radius=\u00a0\u00bb28px\u00a0\u00bb global_colors_info=\u00a0\u00bb{}\u00a0\u00bb][\/et_pb_wc_add_to_cart][et_pb_wc_meta _builder_version=\u00a0\u00bb4.27.3&Prime; body_font=\u00a0\u00bbABeeZee||||||||\u00a0\u00bb body_text_color=\u00a0\u00bb#6e476a\u00a0\u00bb global_colors_info=\u00a0\u00bb{}\u00a0\u00bb][\/et_pb_wc_meta][\/et_pb_column][\/et_pb_row][et_pb_row _builder_version=\u00a0\u00bb4.16&Prime; background_size=\u00a0\u00bbinitial\u00a0\u00bb background_position=\u00a0\u00bbtop_left\u00a0\u00bb background_repeat=\u00a0\u00bbrepeat\u00a0\u00bb width=\u00a0\u00bb100%\u00a0\u00bb global_colors_info=\u00a0\u00bb{}\u00a0\u00bb][et_pb_column type=\u00a0\u00bb4_4&Prime; _builder_version=\u00a0\u00bb4.16&Prime; custom_padding=\u00a0\u00bb|||\u00a0\u00bb global_colors_info=\u00a0\u00bb{}\u00a0\u00bb custom_padding__hover=\u00a0\u00bb|||\u00a0\u00bb][et_pb_wc_tabs active_tab_background_color=\u00a0\u00bb#f4f0ea\u00a0\u00bb inactive_tab_background_color=\u00a0\u00bb#6e476a\u00a0\u00bb active_tab_text_color=\u00a0\u00bb#6e476a\u00a0\u00bb _builder_version=\u00a0\u00bb4.27.3&Prime; tab_text_color=\u00a0\u00bb#f4f0ea\u00a0\u00bb body_font=\u00a0\u00bbMontserrat||||||||\u00a0\u00bb tab_font=\u00a0\u00bbABeeZee||||||||\u00a0\u00bb border_radii=\u00a0\u00bbon|7px|7px|7px|7px\u00a0\u00bb border_color_all=\u00a0\u00bb#6e476a\u00a0\u00bb global_colors_info=\u00a0\u00bb{}\u00a0\u00bb] [\/et_pb_wc_tabs][et_pb_wc_upsells orderby=\u00a0\u00bbpopularity\u00a0\u00bb _builder_version=\u00a0\u00bb4.27.4&Prime; title_font=\u00a0\u00bbABeeZee||||||||\u00a0\u00bb product_title_font=\u00a0\u00bbABeeZee||||||||\u00a0\u00bb product_title_text_color=\u00a0\u00bb#6e476a\u00a0\u00bb product_title_font_size=\u00a0\u00bb2em\u00a0\u00bb price_font=\u00a0\u00bbMontserrat||||||||\u00a0\u00bb global_colors_info=\u00a0\u00bb{}\u00a0\u00bb][\/et_pb_wc_upsells][et_pb_wc_related_products _builder_version=\u00a0\u00bb4.27.4&Prime; title_font=\u00a0\u00bbABeeZee||||||||\u00a0\u00bb product_title_font=\u00a0\u00bbABeeZee||||||||\u00a0\u00bb product_title_text_color=\u00a0\u00bb#6e476a\u00a0\u00bb price_font=\u00a0\u00bbMontserrat||||||||\u00a0\u00bb global_colors_info=\u00a0\u00bb{}\u00a0\u00bb][\/et_pb_wc_related_products][\/et_pb_column][\/et_pb_row][\/et_pb_section]<\/p>\n","protected":false},"excerpt":{"rendered":"<h3>D&rsquo;or et de Jais &#8211; Aquarelle illustr\u00e9e &#8211; Format carte postale<\/h3>\n<p><em><strong>Vous d\u00e9sirez vous offrir un goodies exclusif de l&rsquo;univers de D&rsquo;or et de Jais, la romantasy de Andy Whou ?<\/strong><\/em><\/p>\n<p>Carte illustr\u00e9e \u2013 format A6 (10,5 x 14,8 cm) Imprim\u00e9e sur papier aquarelle. Illustration d&rsquo;art originale r\u00e9alis\u00e9e \u00e0 l\u2019aquarelle par C\u00e9cile Boniface.<\/p>\n<p>Des dorures sont ajout\u00e9es \u00e0 la main apr\u00e8s impression, ce qui rend chaque exemplaire unique. \u00c9dition limit\u00e9e.<\/p>\n<p>&nbsp;<\/p>\n","protected":false},"featured_media":970,"comment_status":"open","ping_status":"closed","template":"","meta":{"_et_pb_use_builder":"on","_et_pb_old_content":"<h3>D'or et de Jais - Aquarelle num\u00e9rot\u00e9e A4<\/h3>\r\nIllustration d'art originale r\u00e9alis\u00e9e \u00e0 l\u2019aquarelle par C\u00e9cile Boniface.\r\n<p class=\"a-text-bold\">A6 10.5*14.8 cm<\/p>\r\nEnvoy\u00e9e dans sa pochette plastique paillet\u00e9e.","_et_gb_content_width":""},"product_brand":[],"product_cat":[44,39],"product_tag":[32,40,45],"class_list":{"0":"post-972","1":"product","2":"type-product","3":"status-publish","4":"has-post-thumbnail","6":"product_cat-goodies","7":"product_cat-romantasy","8":"product_tag-andy-whou","9":"product_tag-dor-et-de-jais","10":"product_tag-goodies","11":"product_shipping_class-250g","13":"first","14":"instock","15":"shipping-taxable","16":"purchasable","17":"product-type-simple"},"yoast_head":"<!-- This site is optimized with the Yoast SEO plugin v27.4 - https:\/\/yoast.com\/product\/yoast-seo-wordpress\/ -->\n<title>D&#039;or et de Jais - Carte illustr\u00e9e<\/title>\n<meta name=\"description\" content=\"Goodies de D&#039;or et de jais tome 1, par Andy Whou - Achetez cette aquarelle en format carte postale. Format A6 cr\u00e9\u00e9e par C\u00e9cile BONIFACE\" \/>\n<meta name=\"robots\" content=\"index, follow, max-snippet:-1, max-image-preview:large, max-video-preview:-1\" \/>\n<link rel=\"canonical\" href=\"https:\/\/andywhou.fr\/index.php\/produit\/dor-et-de-jais-carte-illustree\/\" \/>\n<meta property=\"og:locale\" content=\"fr_FR\" \/>\n<meta property=\"og:type\" content=\"article\" \/>\n<meta property=\"og:title\" content=\"D&#039;or et de Jais - Carte illustr\u00e9e\" \/>\n<meta property=\"og:description\" content=\"Goodies de D&#039;or et de jais tome 1, par Andy Whou - Achetez cette aquarelle en format carte postale. Format A6 cr\u00e9\u00e9e par C\u00e9cile BONIFACE\" \/>\n<meta property=\"og:url\" content=\"https:\/\/andywhou.fr\/index.php\/produit\/dor-et-de-jais-carte-illustree\/\" \/>\n<meta property=\"og:site_name\" content=\"Andy Whou\" \/>\n<meta property=\"article:modified_time\" content=\"2025-09-05T20:27:26+00:00\" \/>\n<meta property=\"og:image\" content=\"https:\/\/andywhou.fr\/wp-content\/uploads\/2025\/04\/7b14bb44-8f9d-4838-bd61-e082c56abec1.jpeg\" \/>\n\t<meta property=\"og:image:width\" content=\"1080\" \/>\n\t<meta property=\"og:image:height\" content=\"1920\" \/>\n\t<meta property=\"og:image:type\" content=\"image\/jpeg\" \/>\n<meta name=\"twitter:card\" content=\"summary_large_image\" \/>\n<meta name=\"twitter:label1\" content=\"Dur\u00e9e de lecture estim\u00e9e\" \/>\n\t<meta name=\"twitter:data1\" content=\"2 minutes\" \/>\n<script type=\"application\/ld+json\" class=\"yoast-schema-graph\">{\"@context\":\"https:\\\/\\\/schema.org\",\"@graph\":[{\"@type\":\"WebPage\",\"@id\":\"https:\\\/\\\/andywhou.fr\\\/index.php\\\/produit\\\/dor-et-de-jais-carte-illustree\\\/\",\"url\":\"https:\\\/\\\/andywhou.fr\\\/index.php\\\/produit\\\/dor-et-de-jais-carte-illustree\\\/\",\"name\":\"D'or et de Jais - Carte illustr\u00e9e\",\"isPartOf\":{\"@id\":\"https:\\\/\\\/andywhou.fr\\\/#website\"},\"primaryImageOfPage\":{\"@id\":\"https:\\\/\\\/andywhou.fr\\\/index.php\\\/produit\\\/dor-et-de-jais-carte-illustree\\\/#primaryimage\"},\"image\":{\"@id\":\"https:\\\/\\\/andywhou.fr\\\/index.php\\\/produit\\\/dor-et-de-jais-carte-illustree\\\/#primaryimage\"},\"thumbnailUrl\":\"https:\\\/\\\/andywhou.fr\\\/wp-content\\\/uploads\\\/2025\\\/04\\\/7b14bb44-8f9d-4838-bd61-e082c56abec1.jpeg\",\"datePublished\":\"2025-04-30T09:36:02+00:00\",\"dateModified\":\"2025-09-05T20:27:26+00:00\",\"description\":\"Goodies de D'or et de jais tome 1, par Andy Whou - Achetez cette aquarelle en format carte postale. Format A6 cr\u00e9\u00e9e par C\u00e9cile BONIFACE\",\"breadcrumb\":{\"@id\":\"https:\\\/\\\/andywhou.fr\\\/index.php\\\/produit\\\/dor-et-de-jais-carte-illustree\\\/#breadcrumb\"},\"inLanguage\":\"fr-FR\",\"potentialAction\":[{\"@type\":\"ReadAction\",\"target\":[\"https:\\\/\\\/andywhou.fr\\\/index.php\\\/produit\\\/dor-et-de-jais-carte-illustree\\\/\"]}]},{\"@type\":\"ImageObject\",\"inLanguage\":\"fr-FR\",\"@id\":\"https:\\\/\\\/andywhou.fr\\\/index.php\\\/produit\\\/dor-et-de-jais-carte-illustree\\\/#primaryimage\",\"url\":\"https:\\\/\\\/andywhou.fr\\\/wp-content\\\/uploads\\\/2025\\\/04\\\/7b14bb44-8f9d-4838-bd61-e082c56abec1.jpeg\",\"contentUrl\":\"https:\\\/\\\/andywhou.fr\\\/wp-content\\\/uploads\\\/2025\\\/04\\\/7b14bb44-8f9d-4838-bd61-e082c56abec1.jpeg\",\"width\":1080,\"height\":1920,\"caption\":\"D'or et de Jais - Carte illustr\u00e9e\"},{\"@type\":\"BreadcrumbList\",\"@id\":\"https:\\\/\\\/andywhou.fr\\\/index.php\\\/produit\\\/dor-et-de-jais-carte-illustree\\\/#breadcrumb\",\"itemListElement\":[{\"@type\":\"ListItem\",\"position\":1,\"name\":\"Accueil\",\"item\":\"https:\\\/\\\/andywhou.fr\\\/\"},{\"@type\":\"ListItem\",\"position\":2,\"name\":\"Boutique\",\"item\":\"https:\\\/\\\/andywhou.fr\\\/index.php\\\/boutique\\\/\"},{\"@type\":\"ListItem\",\"position\":3,\"name\":\"D&rsquo;or et de Jais &#8211; Carte illustr\u00e9e\"}]},{\"@type\":\"WebSite\",\"@id\":\"https:\\\/\\\/andywhou.fr\\\/#website\",\"url\":\"https:\\\/\\\/andywhou.fr\\\/\",\"name\":\"Andy Whou - Autrice NewRomance\",\"description\":\"Autrice NewRomance et Romantasy\",\"publisher\":{\"@id\":\"https:\\\/\\\/andywhou.fr\\\/#\\\/schema\\\/person\\\/af8ce5c067a60b0ded2ad6a1541e879d\"},\"potentialAction\":[{\"@type\":\"SearchAction\",\"target\":{\"@type\":\"EntryPoint\",\"urlTemplate\":\"https:\\\/\\\/andywhou.fr\\\/?s={search_term_string}\"},\"query-input\":{\"@type\":\"PropertyValueSpecification\",\"valueRequired\":true,\"valueName\":\"search_term_string\"}}],\"inLanguage\":\"fr-FR\"},{\"@type\":[\"Person\",\"Organization\"],\"@id\":\"https:\\\/\\\/andywhou.fr\\\/#\\\/schema\\\/person\\\/af8ce5c067a60b0ded2ad6a1541e879d\",\"name\":\"admin7694\",\"image\":{\"@type\":\"ImageObject\",\"inLanguage\":\"fr-FR\",\"@id\":\"https:\\\/\\\/andywhou.fr\\\/wp-content\\\/uploads\\\/2024\\\/08\\\/385699139_809549041172989_4230835982812586398_n.jpg\",\"url\":\"https:\\\/\\\/andywhou.fr\\\/wp-content\\\/uploads\\\/2024\\\/08\\\/385699139_809549041172989_4230835982812586398_n.jpg\",\"contentUrl\":\"https:\\\/\\\/andywhou.fr\\\/wp-content\\\/uploads\\\/2024\\\/08\\\/385699139_809549041172989_4230835982812586398_n.jpg\",\"width\":705,\"height\":705,\"caption\":\"admin7694\"},\"logo\":{\"@id\":\"https:\\\/\\\/andywhou.fr\\\/wp-content\\\/uploads\\\/2024\\\/08\\\/385699139_809549041172989_4230835982812586398_n.jpg\"},\"sameAs\":[\"http:\\\/\\\/andywhou.fr\"]}]}<\/script>\n<!-- \/ Yoast SEO plugin. -->","yoast_head_json":{"title":"D'or et de Jais - Carte illustr\u00e9e","description":"Goodies de D'or et de jais tome 1, par Andy Whou - Achetez cette aquarelle en format carte postale. Format A6 cr\u00e9\u00e9e par C\u00e9cile BONIFACE","robots":{"index":"index","follow":"follow","max-snippet":"max-snippet:-1","max-image-preview":"max-image-preview:large","max-video-preview":"max-video-preview:-1"},"canonical":"https:\/\/andywhou.fr\/index.php\/produit\/dor-et-de-jais-carte-illustree\/","og_locale":"fr_FR","og_type":"article","og_title":"D'or et de Jais - Carte illustr\u00e9e","og_description":"Goodies de D'or et de jais tome 1, par Andy Whou - Achetez cette aquarelle en format carte postale. Format A6 cr\u00e9\u00e9e par C\u00e9cile BONIFACE","og_url":"https:\/\/andywhou.fr\/index.php\/produit\/dor-et-de-jais-carte-illustree\/","og_site_name":"Andy Whou","article_modified_time":"2025-09-05T20:27:26+00:00","og_image":[{"width":1080,"height":1920,"url":"https:\/\/andywhou.fr\/wp-content\/uploads\/2025\/04\/7b14bb44-8f9d-4838-bd61-e082c56abec1.jpeg","type":"image\/jpeg"}],"twitter_card":"summary_large_image","twitter_misc":{"Dur\u00e9e de lecture estim\u00e9e":"2 minutes"},"schema":{"@context":"https:\/\/schema.org","@graph":[{"@type":"WebPage","@id":"https:\/\/andywhou.fr\/index.php\/produit\/dor-et-de-jais-carte-illustree\/","url":"https:\/\/andywhou.fr\/index.php\/produit\/dor-et-de-jais-carte-illustree\/","name":"D'or et de Jais - Carte illustr\u00e9e","isPartOf":{"@id":"https:\/\/andywhou.fr\/#website"},"primaryImageOfPage":{"@id":"https:\/\/andywhou.fr\/index.php\/produit\/dor-et-de-jais-carte-illustree\/#primaryimage"},"image":{"@id":"https:\/\/andywhou.fr\/index.php\/produit\/dor-et-de-jais-carte-illustree\/#primaryimage"},"thumbnailUrl":"https:\/\/andywhou.fr\/wp-content\/uploads\/2025\/04\/7b14bb44-8f9d-4838-bd61-e082c56abec1.jpeg","datePublished":"2025-04-30T09:36:02+00:00","dateModified":"2025-09-05T20:27:26+00:00","description":"Goodies de D'or et de jais tome 1, par Andy Whou - Achetez cette aquarelle en format carte postale. Format A6 cr\u00e9\u00e9e par C\u00e9cile BONIFACE","breadcrumb":{"@id":"https:\/\/andywhou.fr\/index.php\/produit\/dor-et-de-jais-carte-illustree\/#breadcrumb"},"inLanguage":"fr-FR","potentialAction":[{"@type":"ReadAction","target":["https:\/\/andywhou.fr\/index.php\/produit\/dor-et-de-jais-carte-illustree\/"]}]},{"@type":"ImageObject","inLanguage":"fr-FR","@id":"https:\/\/andywhou.fr\/index.php\/produit\/dor-et-de-jais-carte-illustree\/#primaryimage","url":"https:\/\/andywhou.fr\/wp-content\/uploads\/2025\/04\/7b14bb44-8f9d-4838-bd61-e082c56abec1.jpeg","contentUrl":"https:\/\/andywhou.fr\/wp-content\/uploads\/2025\/04\/7b14bb44-8f9d-4838-bd61-e082c56abec1.jpeg","width":1080,"height":1920,"caption":"D'or et de Jais - Carte illustr\u00e9e"},{"@type":"BreadcrumbList","@id":"https:\/\/andywhou.fr\/index.php\/produit\/dor-et-de-jais-carte-illustree\/#breadcrumb","itemListElement":[{"@type":"ListItem","position":1,"name":"Accueil","item":"https:\/\/andywhou.fr\/"},{"@type":"ListItem","position":2,"name":"Boutique","item":"https:\/\/andywhou.fr\/index.php\/boutique\/"},{"@type":"ListItem","position":3,"name":"D&rsquo;or et de Jais &#8211; Carte illustr\u00e9e"}]},{"@type":"WebSite","@id":"https:\/\/andywhou.fr\/#website","url":"https:\/\/andywhou.fr\/","name":"Andy Whou - Autrice NewRomance","description":"Autrice NewRomance et Romantasy","publisher":{"@id":"https:\/\/andywhou.fr\/#\/schema\/person\/af8ce5c067a60b0ded2ad6a1541e879d"},"potentialAction":[{"@type":"SearchAction","target":{"@type":"EntryPoint","urlTemplate":"https:\/\/andywhou.fr\/?s={search_term_string}"},"query-input":{"@type":"PropertyValueSpecification","valueRequired":true,"valueName":"search_term_string"}}],"inLanguage":"fr-FR"},{"@type":["Person","Organization"],"@id":"https:\/\/andywhou.fr\/#\/schema\/person\/af8ce5c067a60b0ded2ad6a1541e879d","name":"admin7694","image":{"@type":"ImageObject","inLanguage":"fr-FR","@id":"https:\/\/andywhou.fr\/wp-content\/uploads\/2024\/08\/385699139_809549041172989_4230835982812586398_n.jpg","url":"https:\/\/andywhou.fr\/wp-content\/uploads\/2024\/08\/385699139_809549041172989_4230835982812586398_n.jpg","contentUrl":"https:\/\/andywhou.fr\/wp-content\/uploads\/2024\/08\/385699139_809549041172989_4230835982812586398_n.jpg","width":705,"height":705,"caption":"admin7694"},"logo":{"@id":"https:\/\/andywhou.fr\/wp-content\/uploads\/2024\/08\/385699139_809549041172989_4230835982812586398_n.jpg"},"sameAs":["http:\/\/andywhou.fr"]}]}},"_links":{"self":[{"href":"https:\/\/andywhou.fr\/index.php\/wp-json\/wp\/v2\/product\/972","targetHints":{"allow":["GET"]}}],"collection":[{"href":"https:\/\/andywhou.fr\/index.php\/wp-json\/wp\/v2\/product"}],"about":[{"href":"https:\/\/andywhou.fr\/index.php\/wp-json\/wp\/v2\/types\/product"}],"replies":[{"embeddable":true,"href":"https:\/\/andywhou.fr\/index.php\/wp-json\/wp\/v2\/comments?post=972"}],"wp:featuredmedia":[{"embeddable":true,"href":"https:\/\/andywhou.fr\/index.php\/wp-json\/wp\/v2\/media\/970"}],"wp:attachment":[{"href":"https:\/\/andywhou.fr\/index.php\/wp-json\/wp\/v2\/media?parent=972"}],"wp:term":[{"taxonomy":"product_brand","embeddable":true,"href":"https:\/\/andywhou.fr\/index.php\/wp-json\/wp\/v2\/product_brand?post=972"},{"taxonomy":"product_cat","embeddable":true,"href":"https:\/\/andywhou.fr\/index.php\/wp-json\/wp\/v2\/product_cat?post=972"},{"taxonomy":"product_tag","embeddable":true,"href":"https:\/\/andywhou.fr\/index.php\/wp-json\/wp\/v2\/product_tag?post=972"}],"curies":[{"name":"wp","href":"https:\/\/api.w.org\/{rel}","templated":true}]}}