{"id":792,"date":"2024-11-18T12:14:34","date_gmt":"2024-11-18T11:14:34","guid":{"rendered":"https:\/\/andywhou.fr\/?post_type=product&#038;p=792"},"modified":"2025-04-29T16:11:06","modified_gmt":"2025-04-29T14:11:06","slug":"warriors-tome-2","status":"publish","type":"product","link":"https:\/\/andywhou.fr\/index.php\/produit\/warriors-tome-2\/","title":{"rendered":"Warriors Tome 2"},"content":{"rendered":"<p>[et_pb_section fb_built=\u00a0\u00bb1&Prime; _builder_version=\u00a0\u00bb4.16&Prime; custom_padding=\u00a0\u00bb0px||||false|false\u00a0\u00bb collapsed=\u00a0\u00bboff\u00a0\u00bb global_colors_info=\u00a0\u00bb{}\u00a0\u00bb][et_pb_row _builder_version=\u00a0\u00bb4.27.3&Prime; background_size=\u00a0\u00bbinitial\u00a0\u00bb background_position=\u00a0\u00bbtop_left\u00a0\u00bb background_repeat=\u00a0\u00bbrepeat\u00a0\u00bb width=\u00a0\u00bb100%\u00a0\u00bb custom_padding=\u00a0\u00bb0px||0px||false|false\u00a0\u00bb global_colors_info=\u00a0\u00bb{}\u00a0\u00bb][et_pb_column type=\u00a0\u00bb4_4&Prime; _builder_version=\u00a0\u00bb4.27.3&Prime; custom_padding=\u00a0\u00bb|||\u00a0\u00bb border_radii=\u00a0\u00bbon|11px|11px|11px|11px\u00a0\u00bb global_colors_info=\u00a0\u00bb{}\u00a0\u00bb custom_padding__hover=\u00a0\u00bb|||\u00a0\u00bb][et_pb_wc_breadcrumb _builder_version=\u00a0\u00bb4.27.3&Prime; body_font=\u00a0\u00bbABeeZee||||||||\u00a0\u00bb body_text_color=\u00a0\u00bb#6e476a\u00a0\u00bb global_colors_info=\u00a0\u00bb{}\u00a0\u00bb][\/et_pb_wc_breadcrumb][et_pb_wc_cart_notice _builder_version=\u00a0\u00bb4.27.3&Prime; title_font=\u00a0\u00bbABeeZee||||||||\u00a0\u00bb title_text_color=\u00a0\u00bb#FFFFFF\u00a0\u00bb background_color=\u00a0\u00bb#6e476a\u00a0\u00bb custom_button=\u00a0\u00bbon\u00a0\u00bb button_text_size=\u00a0\u00bb19px\u00a0\u00bb button_text_color=\u00a0\u00bb#6e476a\u00a0\u00bb button_bg_color=\u00a0\u00bb#FFFFFF\u00a0\u00bb button_border_color=\u00a0\u00bb#6e476a\u00a0\u00bb button_border_radius=\u00a0\u00bb34px\u00a0\u00bb button_font=\u00a0\u00bbABeeZee||||||||\u00a0\u00bb button_use_icon=\u00a0\u00bboff\u00a0\u00bb border_radii=\u00a0\u00bbon|6px|6px|6px|6px\u00a0\u00bb global_colors_info=\u00a0\u00bb{}\u00a0\u00bb][\/et_pb_wc_cart_notice][\/et_pb_column][\/et_pb_row][et_pb_row column_structure=\u00a0\u00bb1_2,1_2&Prime; _builder_version=\u00a0\u00bb4.16&Prime; background_size=\u00a0\u00bbinitial\u00a0\u00bb background_position=\u00a0\u00bbtop_left\u00a0\u00bb background_repeat=\u00a0\u00bbrepeat\u00a0\u00bb width=\u00a0\u00bb100%\u00a0\u00bb custom_padding=\u00a0\u00bb0px||||false|false\u00a0\u00bb global_colors_info=\u00a0\u00bb{}\u00a0\u00bb][et_pb_column type=\u00a0\u00bb1_2&Prime; _builder_version=\u00a0\u00bb4.16&Prime; custom_padding=\u00a0\u00bb|||\u00a0\u00bb global_colors_info=\u00a0\u00bb{}\u00a0\u00bb custom_padding__hover=\u00a0\u00bb|||\u00a0\u00bb][et_pb_wc_images _builder_version=\u00a0\u00bb4.16&Prime; global_colors_info=\u00a0\u00bb{}\u00a0\u00bb][\/et_pb_wc_images][\/et_pb_column][et_pb_column type=\u00a0\u00bb1_2&Prime; _builder_version=\u00a0\u00bb4.16&Prime; custom_padding=\u00a0\u00bb|||\u00a0\u00bb global_colors_info=\u00a0\u00bb{}\u00a0\u00bb custom_padding__hover=\u00a0\u00bb|||\u00a0\u00bb][et_pb_wc_title _builder_version=\u00a0\u00bb4.27.3&Prime; header_font=\u00a0\u00bbABeeZee||||||||\u00a0\u00bb header_text_color=\u00a0\u00bb#6e476a\u00a0\u00bb header_font_size=\u00a0\u00bb32px\u00a0\u00bb global_colors_info=\u00a0\u00bb{}\u00a0\u00bb][\/et_pb_wc_title][et_pb_wc_rating _builder_version=\u00a0\u00bb4.27.3&Prime; rating_text_color=\u00a0\u00bb#6e476a\u00a0\u00bb body_font=\u00a0\u00bbABeeZee||||||||\u00a0\u00bb body_text_color=\u00a0\u00bb#c47fa4&Prime; global_colors_info=\u00a0\u00bb{}\u00a0\u00bb][\/et_pb_wc_rating][et_pb_wc_price _builder_version=\u00a0\u00bb4.27.3&Prime; body_font=\u00a0\u00bbMontserrat||||||||\u00a0\u00bb body_text_color=\u00a0\u00bb#000000&Prime; global_colors_info=\u00a0\u00bb{}\u00a0\u00bb][\/et_pb_wc_price][et_pb_wc_description _builder_version=\u00a0\u00bb4.27.3&Prime; body_font=\u00a0\u00bbMontserrat||||||||\u00a0\u00bb global_colors_info=\u00a0\u00bb{}\u00a0\u00bb][\/et_pb_wc_description][et_pb_wc_add_to_cart _builder_version=\u00a0\u00bb4.27.3&Prime; fields_text_color=\u00a0\u00bb#000000&Prime; field_label_font=\u00a0\u00bbABeeZee|700|||||||\u00a0\u00bb field_label_text_color=\u00a0\u00bb#000000&Prime; fields_font=\u00a0\u00bb||||||||\u00a0\u00bb custom_button=\u00a0\u00bbon\u00a0\u00bb button_text_color=\u00a0\u00bb#FFFFFF\u00a0\u00bb button_bg_color=\u00a0\u00bb#6e476a\u00a0\u00bb button_border_width=\u00a0\u00bb2px\u00a0\u00bb button_border_radius=\u00a0\u00bb28px\u00a0\u00bb global_colors_info=\u00a0\u00bb{}\u00a0\u00bb][\/et_pb_wc_add_to_cart][et_pb_wc_meta _builder_version=\u00a0\u00bb4.27.3&Prime; body_font=\u00a0\u00bbABeeZee||||||||\u00a0\u00bb body_text_color=\u00a0\u00bb#6e476a\u00a0\u00bb global_colors_info=\u00a0\u00bb{}\u00a0\u00bb][\/et_pb_wc_meta][\/et_pb_column][\/et_pb_row][et_pb_row _builder_version=\u00a0\u00bb4.16&Prime; background_size=\u00a0\u00bbinitial\u00a0\u00bb background_position=\u00a0\u00bbtop_left\u00a0\u00bb background_repeat=\u00a0\u00bbrepeat\u00a0\u00bb width=\u00a0\u00bb100%\u00a0\u00bb global_colors_info=\u00a0\u00bb{}\u00a0\u00bb][et_pb_column type=\u00a0\u00bb4_4&Prime; _builder_version=\u00a0\u00bb4.16&Prime; custom_padding=\u00a0\u00bb|||\u00a0\u00bb global_colors_info=\u00a0\u00bb{}\u00a0\u00bb custom_padding__hover=\u00a0\u00bb|||\u00a0\u00bb][et_pb_wc_tabs active_tab_background_color=\u00a0\u00bb#f4f0ea\u00a0\u00bb inactive_tab_background_color=\u00a0\u00bb#6e476a\u00a0\u00bb active_tab_text_color=\u00a0\u00bb#6e476a\u00a0\u00bb _builder_version=\u00a0\u00bb4.27.3&Prime; tab_text_color=\u00a0\u00bb#f4f0ea\u00a0\u00bb body_font=\u00a0\u00bbMontserrat||||||||\u00a0\u00bb tab_font=\u00a0\u00bbABeeZee||||||||\u00a0\u00bb border_radii=\u00a0\u00bbon|7px|7px|7px|7px\u00a0\u00bb border_color_all=\u00a0\u00bb#6e476a\u00a0\u00bb global_colors_info=\u00a0\u00bb{}\u00a0\u00bb] [\/et_pb_wc_tabs][et_pb_wc_upsells orderby=\u00a0\u00bbpopularity\u00a0\u00bb _builder_version=\u00a0\u00bb4.27.3&Prime; global_colors_info=\u00a0\u00bb{}\u00a0\u00bb][\/et_pb_wc_upsells][et_pb_wc_related_products _builder_version=\u00a0\u00bb4.27.3&Prime; title_font=\u00a0\u00bbABeeZee||||||||\u00a0\u00bb product_title_font=\u00a0\u00bbABeeZee||||||||\u00a0\u00bb product_title_text_color=\u00a0\u00bb#6e476a\u00a0\u00bb price_font=\u00a0\u00bbMontserrat||||||||\u00a0\u00bb global_colors_info=\u00a0\u00bb{}\u00a0\u00bb][\/et_pb_wc_related_products][\/et_pb_column][\/et_pb_row][\/et_pb_section]<\/p>\n","protected":false},"excerpt":{"rendered":"<h3>Warriors, tome 2 &#8211; Secrets, tensions&#8230; la victoire est en p\u00e9ril !<\/h3>\n<p><strong>Avec votre Warriors tome 2, vous recevrez un marque-page de la duologie.<\/strong><\/p>\n<p><em>Si vous d\u00e9sirez recevoir Warriors tome 2 d\u00e9dicac\u00e9, merci de me le notifier en commentaire lors du paiement s&rsquo;il vous plait.<\/em><\/p>\n","protected":false},"featured_media":709,"comment_status":"open","ping_status":"closed","template":"","meta":{"_et_pb_use_builder":"on","_et_pb_old_content":"<h1 class=\"a-text-bold\"><a href=\"https:\/\/www.instagram.com\/andywhou\/\"><span class=\"a-text-bold\"><img class=\"size-medium wp-image-386 alignnone\" src=\"http:\/\/andywhou.fr\/wp-content\/uploads\/2024\/09\/434408019_934572725337286_3309907131573897803_n-300x111.png\" alt=\"Andy Whou - Autrice\" width=\"300\" height=\"111\" \/><\/span><\/a><\/h1>\r\n<h1 class=\"a-text-bold\"><span class=\"a-text-bold\">W<\/span><span class=\"a-text-bold\">A<\/span>RRIORS, tome 1 par <a href=\"https:\/\/andywhou.fr\">Andy Whou<\/a><\/h1>\r\n<p class=\"a-text-bold\"><strong><span class=\"a-text-bold\">Warriors tome 2<\/span><\/strong><\/p>\r\n<strong>Secrets, tensions : la victoire est en p\u00e9ril\u2026<\/strong>\r\n\r\nL\u2019arriv\u00e9e d\u2019Aur\u00e9lian a bouscul\u00e9 toute la dynamique collective des WARRIORS et surtout le capitaine, L\u00e9o. Entre les deux gar\u00e7ons, la tension est \u00e9lectrique, et l\u2019annonce du prochain match qui les opposera \u00e0 l\u2019ancienne \u00e9quipe d\u2019Aur\u00e9lian n\u2019arrange rien.\r\n\r\nPourtant, lorsqu\u2019ils sont seuls, L\u00e9o et Aur\u00e9lian sont incapables de r\u00e9sister au d\u00e9sir qu\u2019ils \u00e9prouvent l\u2019un pour l\u2019autre. Ils d\u00e9cident, bien entendu, de cacher leur relation au reste de l\u2019\u00e9quipe pour donner une chance \u00e0 l\u2019amour. Mais pourront-ils se faire confiance longtemps ?\r\n\r\nHant\u00e9 par son pass\u00e9, L\u00e9o est perturb\u00e9 et finit par perdre la confiance de toute l\u2019\u00e9quipe. Il est mis \u00e0 pied et d\u00e9chu de son poste de capitaine. Aur\u00e9lian, lui, ne supporte pas les mensonges de L\u00e9o et doit g\u00e9rer de graves probl\u00e8mes familiaux. La pression est telle qu\u2019il finit par rompre.\r\n\r\nLes WARRIORS pourraient bien perdre le championnat\u2026 L\u00e9o et Aur\u00e9lian parviendront-ils \u00e0 se relever ensemble et mener leur \u00e9quipe vers la victoire ?\r\n\r\n<em>Si vous achetez le livre et prenez le temps de laisser un avis, je vous en remercie chaleureusement. Vous continuez \u00e0 soutenir mon activit\u00e9 d'auteur\u00b7ice ! &lt;3<\/em>\r\n\r\n\u00c9diteur : Nisha &amp; Caetera\r\n\r\nBroch\u00e9 - Livre 2 sur 2 - En Fran\u00e7ais\r\n\r\nLa lecture de ce livre est conseill\u00e9 \u00e0 partir de 15 ans.\r\n\r\n704 pages | 0.626 Kg","_et_gb_content_width":""},"product_brand":[],"product_cat":[29],"product_tag":[32,33,31,34,30],"class_list":{"0":"post-792","1":"product","2":"type-product","3":"status-publish","4":"has-post-thumbnail","6":"product_cat-newromance","7":"product_tag-andy-whou","8":"product_tag-ennemiestolovers","9":"product_tag-newromance","10":"product_tag-romancemm","11":"product_tag-warriors","12":"product_shipping_class-de500g","14":"first","15":"outofstock","16":"shipping-taxable","17":"purchasable","18":"product-type-simple"},"yoast_head":"<!-- This site is optimized with the Yoast SEO plugin v27.4 - https:\/\/yoast.com\/product\/yoast-seo-wordpress\/ -->\n<title>Warriors Tome 2 - Andy Whou<\/title>\n<meta name=\"description\" content=\"Warriors Tome 2 par Andy Whou - Achetez le livre d\u00e9dicac\u00e9 ! D\u00e9couvrez la NewRomance sportive d&#039;Andy Whou. Ennemies to lovers, Romance MM, Newromanc\" \/>\n<meta name=\"robots\" content=\"index, follow, max-snippet:-1, max-image-preview:large, max-video-preview:-1\" \/>\n<link rel=\"canonical\" href=\"https:\/\/andywhou.fr\/index.php\/produit\/warriors-tome-2\/\" \/>\n<meta property=\"og:locale\" content=\"fr_FR\" \/>\n<meta property=\"og:type\" content=\"article\" \/>\n<meta property=\"og:title\" content=\"Warriors Tome 2 - Andy Whou\" \/>\n<meta property=\"og:description\" content=\"Warriors Tome 2 par Andy Whou - Achetez le livre d\u00e9dicac\u00e9 ! D\u00e9couvrez la NewRomance sportive d&#039;Andy Whou. Ennemies to lovers, Romance MM, Newromanc\" \/>\n<meta property=\"og:url\" content=\"https:\/\/andywhou.fr\/index.php\/produit\/warriors-tome-2\/\" \/>\n<meta property=\"og:site_name\" content=\"Andy Whou\" \/>\n<meta property=\"article:modified_time\" content=\"2025-04-29T14:11:06+00:00\" \/>\n<meta property=\"og:image\" content=\"https:\/\/andywhou.fr\/wp-content\/uploads\/2024\/11\/9782380159196-660x660-1.png\" \/>\n\t<meta property=\"og:image:width\" content=\"660\" \/>\n\t<meta property=\"og:image:height\" content=\"660\" \/>\n\t<meta property=\"og:image:type\" content=\"image\/png\" \/>\n<meta name=\"twitter:card\" content=\"summary_large_image\" \/>\n<meta name=\"twitter:label1\" content=\"Dur\u00e9e de lecture estim\u00e9e\" \/>\n\t<meta name=\"twitter:data1\" content=\"4 minutes\" \/>\n<script type=\"application\/ld+json\" class=\"yoast-schema-graph\">{\"@context\":\"https:\\\/\\\/schema.org\",\"@graph\":[{\"@type\":\"WebPage\",\"@id\":\"https:\\\/\\\/andywhou.fr\\\/index.php\\\/produit\\\/warriors-tome-2\\\/\",\"url\":\"https:\\\/\\\/andywhou.fr\\\/index.php\\\/produit\\\/warriors-tome-2\\\/\",\"name\":\"Warriors Tome 2 - Andy Whou\",\"isPartOf\":{\"@id\":\"https:\\\/\\\/andywhou.fr\\\/#website\"},\"primaryImageOfPage\":{\"@id\":\"https:\\\/\\\/andywhou.fr\\\/index.php\\\/produit\\\/warriors-tome-2\\\/#primaryimage\"},\"image\":{\"@id\":\"https:\\\/\\\/andywhou.fr\\\/index.php\\\/produit\\\/warriors-tome-2\\\/#primaryimage\"},\"thumbnailUrl\":\"https:\\\/\\\/andywhou.fr\\\/wp-content\\\/uploads\\\/2024\\\/11\\\/9782380159196-660x660-1.png\",\"datePublished\":\"2024-11-18T11:14:34+00:00\",\"dateModified\":\"2025-04-29T14:11:06+00:00\",\"description\":\"Warriors Tome 2 par Andy Whou - Achetez le livre d\u00e9dicac\u00e9 ! D\u00e9couvrez la NewRomance sportive d'Andy Whou. Ennemies to lovers, Romance MM, Newromanc\",\"breadcrumb\":{\"@id\":\"https:\\\/\\\/andywhou.fr\\\/index.php\\\/produit\\\/warriors-tome-2\\\/#breadcrumb\"},\"inLanguage\":\"fr-FR\",\"potentialAction\":[{\"@type\":\"ReadAction\",\"target\":[\"https:\\\/\\\/andywhou.fr\\\/index.php\\\/produit\\\/warriors-tome-2\\\/\"]}]},{\"@type\":\"ImageObject\",\"inLanguage\":\"fr-FR\",\"@id\":\"https:\\\/\\\/andywhou.fr\\\/index.php\\\/produit\\\/warriors-tome-2\\\/#primaryimage\",\"url\":\"https:\\\/\\\/andywhou.fr\\\/wp-content\\\/uploads\\\/2024\\\/11\\\/9782380159196-660x660-1.png\",\"contentUrl\":\"https:\\\/\\\/andywhou.fr\\\/wp-content\\\/uploads\\\/2024\\\/11\\\/9782380159196-660x660-1.png\",\"width\":660,\"height\":660,\"caption\":\"Warriors Tome 2\"},{\"@type\":\"BreadcrumbList\",\"@id\":\"https:\\\/\\\/andywhou.fr\\\/index.php\\\/produit\\\/warriors-tome-2\\\/#breadcrumb\",\"itemListElement\":[{\"@type\":\"ListItem\",\"position\":1,\"name\":\"Accueil\",\"item\":\"https:\\\/\\\/andywhou.fr\\\/\"},{\"@type\":\"ListItem\",\"position\":2,\"name\":\"Boutique\",\"item\":\"https:\\\/\\\/andywhou.fr\\\/index.php\\\/boutique\\\/\"},{\"@type\":\"ListItem\",\"position\":3,\"name\":\"Warriors Tome 2\"}]},{\"@type\":\"WebSite\",\"@id\":\"https:\\\/\\\/andywhou.fr\\\/#website\",\"url\":\"https:\\\/\\\/andywhou.fr\\\/\",\"name\":\"Andy Whou - Autrice NewRomance\",\"description\":\"Autrice NewRomance et Romantasy\",\"publisher\":{\"@id\":\"https:\\\/\\\/andywhou.fr\\\/#\\\/schema\\\/person\\\/af8ce5c067a60b0ded2ad6a1541e879d\"},\"potentialAction\":[{\"@type\":\"SearchAction\",\"target\":{\"@type\":\"EntryPoint\",\"urlTemplate\":\"https:\\\/\\\/andywhou.fr\\\/?s={search_term_string}\"},\"query-input\":{\"@type\":\"PropertyValueSpecification\",\"valueRequired\":true,\"valueName\":\"search_term_string\"}}],\"inLanguage\":\"fr-FR\"},{\"@type\":[\"Person\",\"Organization\"],\"@id\":\"https:\\\/\\\/andywhou.fr\\\/#\\\/schema\\\/person\\\/af8ce5c067a60b0ded2ad6a1541e879d\",\"name\":\"admin7694\",\"image\":{\"@type\":\"ImageObject\",\"inLanguage\":\"fr-FR\",\"@id\":\"https:\\\/\\\/andywhou.fr\\\/wp-content\\\/uploads\\\/2024\\\/08\\\/385699139_809549041172989_4230835982812586398_n.jpg\",\"url\":\"https:\\\/\\\/andywhou.fr\\\/wp-content\\\/uploads\\\/2024\\\/08\\\/385699139_809549041172989_4230835982812586398_n.jpg\",\"contentUrl\":\"https:\\\/\\\/andywhou.fr\\\/wp-content\\\/uploads\\\/2024\\\/08\\\/385699139_809549041172989_4230835982812586398_n.jpg\",\"width\":705,\"height\":705,\"caption\":\"admin7694\"},\"logo\":{\"@id\":\"https:\\\/\\\/andywhou.fr\\\/wp-content\\\/uploads\\\/2024\\\/08\\\/385699139_809549041172989_4230835982812586398_n.jpg\"},\"sameAs\":[\"http:\\\/\\\/andywhou.fr\"]}]}<\/script>\n<!-- \/ Yoast SEO plugin. -->","yoast_head_json":{"title":"Warriors Tome 2 - Andy Whou","description":"Warriors Tome 2 par Andy Whou - Achetez le livre d\u00e9dicac\u00e9 ! D\u00e9couvrez la NewRomance sportive d'Andy Whou. Ennemies to lovers, Romance MM, Newromanc","robots":{"index":"index","follow":"follow","max-snippet":"max-snippet:-1","max-image-preview":"max-image-preview:large","max-video-preview":"max-video-preview:-1"},"canonical":"https:\/\/andywhou.fr\/index.php\/produit\/warriors-tome-2\/","og_locale":"fr_FR","og_type":"article","og_title":"Warriors Tome 2 - Andy Whou","og_description":"Warriors Tome 2 par Andy Whou - Achetez le livre d\u00e9dicac\u00e9 ! D\u00e9couvrez la NewRomance sportive d'Andy Whou. Ennemies to lovers, Romance MM, Newromanc","og_url":"https:\/\/andywhou.fr\/index.php\/produit\/warriors-tome-2\/","og_site_name":"Andy Whou","article_modified_time":"2025-04-29T14:11:06+00:00","og_image":[{"width":660,"height":660,"url":"https:\/\/andywhou.fr\/wp-content\/uploads\/2024\/11\/9782380159196-660x660-1.png","type":"image\/png"}],"twitter_card":"summary_large_image","twitter_misc":{"Dur\u00e9e de lecture estim\u00e9e":"4 minutes"},"schema":{"@context":"https:\/\/schema.org","@graph":[{"@type":"WebPage","@id":"https:\/\/andywhou.fr\/index.php\/produit\/warriors-tome-2\/","url":"https:\/\/andywhou.fr\/index.php\/produit\/warriors-tome-2\/","name":"Warriors Tome 2 - Andy Whou","isPartOf":{"@id":"https:\/\/andywhou.fr\/#website"},"primaryImageOfPage":{"@id":"https:\/\/andywhou.fr\/index.php\/produit\/warriors-tome-2\/#primaryimage"},"image":{"@id":"https:\/\/andywhou.fr\/index.php\/produit\/warriors-tome-2\/#primaryimage"},"thumbnailUrl":"https:\/\/andywhou.fr\/wp-content\/uploads\/2024\/11\/9782380159196-660x660-1.png","datePublished":"2024-11-18T11:14:34+00:00","dateModified":"2025-04-29T14:11:06+00:00","description":"Warriors Tome 2 par Andy Whou - Achetez le livre d\u00e9dicac\u00e9 ! D\u00e9couvrez la NewRomance sportive d'Andy Whou. Ennemies to lovers, Romance MM, Newromanc","breadcrumb":{"@id":"https:\/\/andywhou.fr\/index.php\/produit\/warriors-tome-2\/#breadcrumb"},"inLanguage":"fr-FR","potentialAction":[{"@type":"ReadAction","target":["https:\/\/andywhou.fr\/index.php\/produit\/warriors-tome-2\/"]}]},{"@type":"ImageObject","inLanguage":"fr-FR","@id":"https:\/\/andywhou.fr\/index.php\/produit\/warriors-tome-2\/#primaryimage","url":"https:\/\/andywhou.fr\/wp-content\/uploads\/2024\/11\/9782380159196-660x660-1.png","contentUrl":"https:\/\/andywhou.fr\/wp-content\/uploads\/2024\/11\/9782380159196-660x660-1.png","width":660,"height":660,"caption":"Warriors Tome 2"},{"@type":"BreadcrumbList","@id":"https:\/\/andywhou.fr\/index.php\/produit\/warriors-tome-2\/#breadcrumb","itemListElement":[{"@type":"ListItem","position":1,"name":"Accueil","item":"https:\/\/andywhou.fr\/"},{"@type":"ListItem","position":2,"name":"Boutique","item":"https:\/\/andywhou.fr\/index.php\/boutique\/"},{"@type":"ListItem","position":3,"name":"Warriors Tome 2"}]},{"@type":"WebSite","@id":"https:\/\/andywhou.fr\/#website","url":"https:\/\/andywhou.fr\/","name":"Andy Whou - Autrice NewRomance","description":"Autrice NewRomance et Romantasy","publisher":{"@id":"https:\/\/andywhou.fr\/#\/schema\/person\/af8ce5c067a60b0ded2ad6a1541e879d"},"potentialAction":[{"@type":"SearchAction","target":{"@type":"EntryPoint","urlTemplate":"https:\/\/andywhou.fr\/?s={search_term_string}"},"query-input":{"@type":"PropertyValueSpecification","valueRequired":true,"valueName":"search_term_string"}}],"inLanguage":"fr-FR"},{"@type":["Person","Organization"],"@id":"https:\/\/andywhou.fr\/#\/schema\/person\/af8ce5c067a60b0ded2ad6a1541e879d","name":"admin7694","image":{"@type":"ImageObject","inLanguage":"fr-FR","@id":"https:\/\/andywhou.fr\/wp-content\/uploads\/2024\/08\/385699139_809549041172989_4230835982812586398_n.jpg","url":"https:\/\/andywhou.fr\/wp-content\/uploads\/2024\/08\/385699139_809549041172989_4230835982812586398_n.jpg","contentUrl":"https:\/\/andywhou.fr\/wp-content\/uploads\/2024\/08\/385699139_809549041172989_4230835982812586398_n.jpg","width":705,"height":705,"caption":"admin7694"},"logo":{"@id":"https:\/\/andywhou.fr\/wp-content\/uploads\/2024\/08\/385699139_809549041172989_4230835982812586398_n.jpg"},"sameAs":["http:\/\/andywhou.fr"]}]}},"_links":{"self":[{"href":"https:\/\/andywhou.fr\/index.php\/wp-json\/wp\/v2\/product\/792","targetHints":{"allow":["GET"]}}],"collection":[{"href":"https:\/\/andywhou.fr\/index.php\/wp-json\/wp\/v2\/product"}],"about":[{"href":"https:\/\/andywhou.fr\/index.php\/wp-json\/wp\/v2\/types\/product"}],"replies":[{"embeddable":true,"href":"https:\/\/andywhou.fr\/index.php\/wp-json\/wp\/v2\/comments?post=792"}],"wp:featuredmedia":[{"embeddable":true,"href":"https:\/\/andywhou.fr\/index.php\/wp-json\/wp\/v2\/media\/709"}],"wp:attachment":[{"href":"https:\/\/andywhou.fr\/index.php\/wp-json\/wp\/v2\/media?parent=792"}],"wp:term":[{"taxonomy":"product_brand","embeddable":true,"href":"https:\/\/andywhou.fr\/index.php\/wp-json\/wp\/v2\/product_brand?post=792"},{"taxonomy":"product_cat","embeddable":true,"href":"https:\/\/andywhou.fr\/index.php\/wp-json\/wp\/v2\/product_cat?post=792"},{"taxonomy":"product_tag","embeddable":true,"href":"https:\/\/andywhou.fr\/index.php\/wp-json\/wp\/v2\/product_tag?post=792"}],"curies":[{"name":"wp","href":"https:\/\/api.w.org\/{rel}","templated":true}]}}